{"id":5151,"date":"2022-02-21T12:44:08","date_gmt":"2022-02-21T15:44:08","guid":{"rendered":"https:\/\/jfinvest.com.br\/negocio\/"},"modified":"2026-04-10T10:29:06","modified_gmt":"2026-04-10T13:29:06","slug":"negocio","status":"publish","type":"page","link":"https:\/\/jfsa.com.br\/es\/negocio\/","title":{"rendered":"Negocio"},"content":{"rendered":"\n<div class=\"wp-block-uagb-container uagb-block-cef93154 alignfull uagb-is-root-container\">\n<div class=\"wp-block-uagb-advanced-heading uagb-block-ee43a231\"><h2 class=\"uagb-heading-text\">Nuestras Empresas<\/h2><\/div>\n<\/div>\n\n\n\n<div class=\"wp-block-uagb-container uagb-block-5fcad37e alignfull uagb-is-root-container\"><div class=\"uagb-container-inner-blocks-wrap\">\n\t\t\t<div class=\"wp-block-uagb-post-grid uagb-post-grid negocios grid uagb-post__image-position-background uagb-post__image-enabled uagb-block-0833bb6e     uagb-post__items uagb-post__columns-5 is-grid uagb-post__columns-tablet-2 uagb-post__columns-mobile-1 uagb-post__equal-height\" data-total=\"1\" style=\"\">\n\n\t\t\t\t\t\t\t\t\t\t\t\t<article class=\"uagb-post__inner-wrap\">\t\t\t\t\t\t\t<img decoding=\"async\" width=\"150\" src=\"https:\/\/jfsa.com.br\/wp-content\/uploads\/2020\/01\/eldorado-logo-01.svg\" style=\"z-index:10;position:relative;\">\n\t\t\t\t\t<h4 class=\"uagb-post__title uagb-post__text\">\n\t\t\t\t<a href=\"https:\/\/jfsa.com.br\/es\/negocios\/eldorado-brasil\/\" target=\"_self\" rel=\"bookmark noopener noreferrer\">Eldorado Brasil<\/a>\n\t\t\t<\/h4>\n\t\t\t\t\t\t<div class='uagb-post__text uagb-post-grid-byline'>\n\t\t\t\t\t\t\t<\/div>\n\t\t\t\t\t\t\t<div class='uagb-post__text uagb-post__excerpt'>\n\t\t\t\t\tCelulosa sostenible de Brasil para el mundo\t\t\t\t<\/div>\n\t\t\t\t\t\t<div class=\"uagb-post__text uagb-post__cta wp-block-button\">\n\t\t\t\t<a class=\"wp-block-button__link uagb-text-link\" style=\"\" href=\"https:\/\/jfsa.com.br\/es\/negocios\/eldorado-brasil\/\" target=\"_self\" rel=\"bookmark noopener noreferrer\">leer m\u00e1s<\/a>\n\t\t\t<\/div>\n\t\t\t\t\t\t<div class='uagb-post__image'>\n\t\t\t\t\t\t\t\t\t<a href=\"https:\/\/jfsa.com.br\/es\/negocios\/eldorado-brasil\/\" target=\"_self\" rel=\"bookmark noopener noreferrer\"><img loading=\"lazy\" decoding=\"async\" width=\"395\" height=\"480\" src=\"https:\/\/jfsa.com.br\/wp-content\/uploads\/2020\/03\/180514_Viveiro_1692-395x480.jpg\" class=\"attachment-medium size-medium\" alt=\"\" srcset=\"https:\/\/jfsa.com.br\/wp-content\/uploads\/2020\/03\/180514_Viveiro_1692-395x480.jpg 395w, https:\/\/jfsa.com.br\/wp-content\/uploads\/2020\/03\/180514_Viveiro_1692-633x768.jpg 633w, https:\/\/jfsa.com.br\/wp-content\/uploads\/2020\/03\/180514_Viveiro_1692-768x932.jpg 768w, https:\/\/jfsa.com.br\/wp-content\/uploads\/2020\/03\/180514_Viveiro_1692-1265x1536.jpg 1265w, https:\/\/jfsa.com.br\/wp-content\/uploads\/2020\/03\/180514_Viveiro_1692-1687x2048.jpg 1687w, https:\/\/jfsa.com.br\/wp-content\/uploads\/2020\/03\/180514_Viveiro_1692.jpg 1920w\" sizes=\"auto, (max-width: 395px) 100vw, 395px\" \/>\t\t\t\t\t<\/a>\n\t\t\t\t\t\t\t\t\t<\/div>\n\t\t\t\n\t\t\t\t\t\t\t\t<a class=\"uagb-post__link-complete-box\" href=\"https:\/\/jfsa.com.br\/es\/negocios\/eldorado-brasil\/\" target=\"_self\" rel=\"bookmark noopener noreferrer\"><\/a>\n\t\t\t\t\t\t\t<\/article>\n\t\t\t\t\t\t\t\t\t\t\t\t\t\t\t\t<article class=\"uagb-post__inner-wrap\">\t\t\t\t\t\t\t<img decoding=\"async\" width=\"150\" src=\"https:\/\/jfsa.com.br\/wp-content\/uploads\/2020\/02\/ambar-01.svg\" style=\"z-index:10;position:relative;\">\n\t\t\t\t\t<h4 class=\"uagb-post__title uagb-post__text\">\n\t\t\t\t<a href=\"https:\/\/jfsa.com.br\/es\/negocios\/energia-ambar\/\" target=\"_self\" rel=\"bookmark noopener noreferrer\">Energ\u00eda \u00e1mbar<\/a>\n\t\t\t<\/h4>\n\t\t\t\t\t\t<div class='uagb-post__text uagb-post-grid-byline'>\n\t\t\t\t\t\t\t<\/div>\n\t\t\t\t\t\t\t<div class='uagb-post__text uagb-post__excerpt'>\n\t\t\t\t\tGeneraci\u00f3n, distribuci\u00f3n, comercializaci\u00f3n y soluciones de energ\u00eda\t\t\t\t<\/div>\n\t\t\t\t\t\t<div class=\"uagb-post__text uagb-post__cta wp-block-button\">\n\t\t\t\t<a class=\"wp-block-button__link uagb-text-link\" style=\"\" href=\"https:\/\/jfsa.com.br\/es\/negocios\/energia-ambar\/\" target=\"_self\" rel=\"bookmark noopener noreferrer\">leer m\u00e1s<\/a>\n\t\t\t<\/div>\n\t\t\t\t\t\t<div class='uagb-post__image'>\n\t\t\t\t\t\t\t\t\t<a href=\"https:\/\/jfsa.com.br\/es\/negocios\/energia-ambar\/\" target=\"_self\" rel=\"bookmark noopener noreferrer\"><img loading=\"lazy\" decoding=\"async\" width=\"640\" height=\"360\" src=\"https:\/\/jfsa.com.br\/wp-content\/uploads\/2020\/01\/Usina-Termel\u00e9trica-Projeto-Integrado-Cuiab\u00e1-01-640x360.jpg\" class=\"attachment-medium size-medium\" alt=\"\" srcset=\"https:\/\/jfsa.com.br\/wp-content\/uploads\/2020\/01\/Usina-Termel\u00e9trica-Projeto-Integrado-Cuiab\u00e1-01-640x360.jpg 640w, https:\/\/jfsa.com.br\/wp-content\/uploads\/2020\/01\/Usina-Termel\u00e9trica-Projeto-Integrado-Cuiab\u00e1-01-768x432.jpg 768w, https:\/\/jfsa.com.br\/wp-content\/uploads\/2020\/01\/Usina-Termel\u00e9trica-Projeto-Integrado-Cuiab\u00e1-01.jpg 960w\" sizes=\"auto, (max-width: 640px) 100vw, 640px\" \/>\t\t\t\t\t<\/a>\n\t\t\t\t\t\t\t\t\t<\/div>\n\t\t\t\n\t\t\t\t\t\t\t\t<a class=\"uagb-post__link-complete-box\" href=\"https:\/\/jfsa.com.br\/es\/negocios\/energia-ambar\/\" target=\"_self\" rel=\"bookmark noopener noreferrer\"><\/a>\n\t\t\t\t\t\t\t<\/article>\n\t\t\t\t\t\t\t\t\t\t\t\t\t\t\t\t<article class=\"uagb-post__inner-wrap\">\t\t\t\t\t\t\t<img decoding=\"async\" width=\"150\" src=\"https:\/\/jfsa.com.br\/wp-content\/uploads\/2020\/02\/flora-01.svg\" style=\"z-index:10;position:relative;\">\n\t\t\t\t\t<h4 class=\"uagb-post__title uagb-post__text\">\n\t\t\t\t<a href=\"https:\/\/jfsa.com.br\/es\/negocios\/flora\/\" target=\"_self\" rel=\"bookmark noopener noreferrer\">Flora<\/a>\n\t\t\t<\/h4>\n\t\t\t\t\t\t<div class='uagb-post__text uagb-post-grid-byline'>\n\t\t\t\t\t\t\t<\/div>\n\t\t\t\t\t\t\t<div class='uagb-post__text uagb-post__excerpt'>\n\t\t\t\t\tL\u00edder en varios segmentos de cosm\u00e9ticos y limpieza\t\t\t\t<\/div>\n\t\t\t\t\t\t<div class=\"uagb-post__text uagb-post__cta wp-block-button\">\n\t\t\t\t<a class=\"wp-block-button__link uagb-text-link\" style=\"\" href=\"https:\/\/jfsa.com.br\/es\/negocios\/flora\/\" target=\"_self\" rel=\"bookmark noopener noreferrer\">leer m\u00e1s<\/a>\n\t\t\t<\/div>\n\t\t\t\t\t\t<div class='uagb-post__image'>\n\t\t\t\t\t\t\t\t\t<a href=\"https:\/\/jfsa.com.br\/es\/negocios\/flora\/\" target=\"_self\" rel=\"bookmark noopener noreferrer\"><img loading=\"lazy\" decoding=\"async\" width=\"463\" height=\"480\" src=\"https:\/\/jfsa.com.br\/wp-content\/uploads\/2020\/01\/CD-COM-FUNCION\u00c1RIA-FLORA-463x480.jpg\" class=\"attachment-medium size-medium\" alt=\"\" srcset=\"https:\/\/jfsa.com.br\/wp-content\/uploads\/2020\/01\/CD-COM-FUNCION\u00c1RIA-FLORA-463x480.jpg 463w, https:\/\/jfsa.com.br\/wp-content\/uploads\/2020\/01\/CD-COM-FUNCION\u00c1RIA-FLORA-741x768.jpg 741w, https:\/\/jfsa.com.br\/wp-content\/uploads\/2020\/01\/CD-COM-FUNCION\u00c1RIA-FLORA-768x796.jpg 768w, https:\/\/jfsa.com.br\/wp-content\/uploads\/2020\/01\/CD-COM-FUNCION\u00c1RIA-FLORA-1483x1536.jpg 1483w, https:\/\/jfsa.com.br\/wp-content\/uploads\/2020\/01\/CD-COM-FUNCION\u00c1RIA-FLORA.jpg 1920w\" sizes=\"auto, (max-width: 463px) 100vw, 463px\" \/>\t\t\t\t\t<\/a>\n\t\t\t\t\t\t\t\t\t<\/div>\n\t\t\t\n\t\t\t\t\t\t\t\t<a class=\"uagb-post__link-complete-box\" href=\"https:\/\/jfsa.com.br\/es\/negocios\/flora\/\" target=\"_self\" rel=\"bookmark noopener noreferrer\"><\/a>\n\t\t\t\t\t\t\t<\/article>\n\t\t\t\t\t\t\t\t\t\t\t\t\t\t\t\t<article class=\"uagb-post__inner-wrap\">\t\t\t\t\t\t\t<img decoding=\"async\" width=\"150\" src=\"https:\/\/jfsa.com.br\/wp-content\/uploads\/2020\/01\/jbs-logo-branco.svg\" style=\"z-index:10;position:relative;\">\n\t\t\t\t\t<h4 class=\"uagb-post__title uagb-post__text\">\n\t\t\t\t<a href=\"https:\/\/jfsa.com.br\/es\/negocios\/jbs\/\" target=\"_self\" rel=\"bookmark noopener noreferrer\">JBS<\/a>\n\t\t\t<\/h4>\n\t\t\t\t\t\t<div class='uagb-post__text uagb-post-grid-byline'>\n\t\t\t\t\t\t\t<\/div>\n\t\t\t\t\t\t\t<div class='uagb-post__text uagb-post__excerpt'>\n\t\t\t\t\tLa compa\u00f1\u00eda de alimentos a base de prote\u00ednas m\u00e1s grande del mundo\t\t\t\t<\/div>\n\t\t\t\t\t\t<div class=\"uagb-post__text uagb-post__cta wp-block-button\">\n\t\t\t\t<a class=\"wp-block-button__link uagb-text-link\" style=\"\" href=\"https:\/\/jfsa.com.br\/es\/negocios\/jbs\/\" target=\"_self\" rel=\"bookmark noopener noreferrer\">leer m\u00e1s<\/a>\n\t\t\t<\/div>\n\t\t\t\t\t\t<div class='uagb-post__image'>\n\t\t\t\t\t\t\t\t\t<a href=\"https:\/\/jfsa.com.br\/es\/negocios\/jbs\/\" target=\"_self\" rel=\"bookmark noopener noreferrer\"><img loading=\"lazy\" decoding=\"async\" width=\"325\" height=\"480\" src=\"https:\/\/jfsa.com.br\/wp-content\/uploads\/2020\/01\/jbs2-325x480.jpg\" class=\"attachment-medium size-medium\" alt=\"\" srcset=\"https:\/\/jfsa.com.br\/wp-content\/uploads\/2020\/01\/jbs2-325x480.jpg 325w, https:\/\/jfsa.com.br\/wp-content\/uploads\/2020\/01\/jbs2-519x768.jpg 519w, https:\/\/jfsa.com.br\/wp-content\/uploads\/2020\/01\/jbs2.jpg 541w\" sizes=\"auto, (max-width: 325px) 100vw, 325px\" \/>\t\t\t\t\t<\/a>\n\t\t\t\t\t\t\t\t\t<\/div>\n\t\t\t\n\t\t\t\t\t\t\t\t<a class=\"uagb-post__link-complete-box\" href=\"https:\/\/jfsa.com.br\/es\/negocios\/jbs\/\" target=\"_self\" rel=\"bookmark noopener noreferrer\"><\/a>\n\t\t\t\t\t\t\t<\/article>\n\t\t\t\t\t\t\t\t\t\t\t\t\t\t\t\t<article class=\"uagb-post__inner-wrap\">\t\t\t\t\t\t\t<img decoding=\"async\" width=\"150\" src=\"https:\/\/jfsa.com.br\/wp-content\/uploads\/2022\/11\/Lhg-01-1.png\" style=\"z-index:10;position:relative;\">\n\t\t\t\t\t<h4 class=\"uagb-post__title uagb-post__text\">\n\t\t\t\t<a href=\"https:\/\/jfsa.com.br\/es\/negocios\/mineria-lhg\/\" target=\"_self\" rel=\"bookmark noopener noreferrer\">Miner\u00eda Lhg<\/a>\n\t\t\t<\/h4>\n\t\t\t\t\t\t<div class='uagb-post__text uagb-post-grid-byline'>\n\t\t\t\t\t\t\t<\/div>\n\t\t\t\t\t\t\t<div class='uagb-post__text uagb-post__excerpt'>\n\t\t\t\t\t12 millones de toneladas por a\u00f1o de manganeso y mineral de hierro de alta ley\t\t\t\t<\/div>\n\t\t\t\t\t\t<div class=\"uagb-post__text uagb-post__cta wp-block-button\">\n\t\t\t\t<a class=\"wp-block-button__link uagb-text-link\" style=\"\" href=\"https:\/\/jfsa.com.br\/es\/negocios\/mineria-lhg\/\" target=\"_self\" rel=\"bookmark noopener noreferrer\">leer m\u00e1s<\/a>\n\t\t\t<\/div>\n\t\t\t\t\t\t<div class='uagb-post__image'>\n\t\t\t\t\t\t\t\t\t<a href=\"https:\/\/jfsa.com.br\/es\/negocios\/mineria-lhg\/\" target=\"_self\" rel=\"bookmark noopener noreferrer\"><img loading=\"lazy\" decoding=\"async\" width=\"640\" height=\"427\" src=\"https:\/\/jfsa.com.br\/wp-content\/uploads\/2022\/11\/Mina-dos-Belgas2_Ricardo-Teles-640x427.jpg\" class=\"attachment-medium size-medium\" alt=\"\" srcset=\"https:\/\/jfsa.com.br\/wp-content\/uploads\/2022\/11\/Mina-dos-Belgas2_Ricardo-Teles-640x427.jpg 640w, https:\/\/jfsa.com.br\/wp-content\/uploads\/2022\/11\/Mina-dos-Belgas2_Ricardo-Teles-1024x683.jpg 1024w, https:\/\/jfsa.com.br\/wp-content\/uploads\/2022\/11\/Mina-dos-Belgas2_Ricardo-Teles-768x512.jpg 768w, https:\/\/jfsa.com.br\/wp-content\/uploads\/2022\/11\/Mina-dos-Belgas2_Ricardo-Teles-1536x1024.jpg 1536w, https:\/\/jfsa.com.br\/wp-content\/uploads\/2022\/11\/Mina-dos-Belgas2_Ricardo-Teles-2048x1365.jpg 2048w\" sizes=\"auto, (max-width: 640px) 100vw, 640px\" \/>\t\t\t\t\t<\/a>\n\t\t\t\t\t\t\t\t\t<\/div>\n\t\t\t\n\t\t\t\t\t\t\t\t<a class=\"uagb-post__link-complete-box\" href=\"https:\/\/jfsa.com.br\/es\/negocios\/mineria-lhg\/\" target=\"_self\" rel=\"bookmark noopener noreferrer\"><\/a>\n\t\t\t\t\t\t\t<\/article>\n\t\t\t\t\t\t\t\t\t\t\t<\/div>\n\t\t\t<\/div><\/div>\n\n\n\n<h4 class=\"wp-block-heading has-text-align-center\">El Grupo J&amp;F incluye empresas\u00a0<a href=\"https:\/\/www.original.com.br\/\" target=\"_blank\" rel=\"noreferrer noopener\">Banco Original<\/a>,\u00a0<a href=\"https:\/\/picpay.com\/pt-br\/pf\" target=\"_blank\" rel=\"noreferrer noopener\">PicPay<\/a>,\u00a0<a href=\"https:\/\/www.canalrural.com.br\/\" target=\"_blank\" rel=\"noreferrer noopener\">Canal Rural<\/a>,\u00a0<a href=\"https:\/\/fluxus-oge.com\/\" target=\"_blank\" rel=\"noreferrer noopener\">Fluxos<\/a>\u00a0y\u00a0<a href=\"https:\/\/mgascomercializadora.com.br\/\" target=\"_blank\" rel=\"noreferrer noopener\">MGAS<\/a><\/h4>\n\n\n\n<p><\/p>\n","protected":false},"excerpt":{"rendered":"<p><b><span>Cartera diversificada de empresas<\/span><\/b><br \/>\n<br \/>Conozca nuestro negocio<\/p>\n","protected":false},"author":24,"featured_media":5152,"parent":0,"menu_order":2,"comment_status":"closed","ping_status":"closed","template":"","meta":{"_acf_changed":false,"_uag_custom_page_level_css":"","site-sidebar-layout":"no-sidebar","site-content-layout":"plain-container","ast-site-content-layout":"full-width-container","site-content-style":"boxed","site-sidebar-style":"unboxed","ast-global-header-display":"","ast-banner-title-visibility":"","ast-main-header-display":"","ast-hfb-above-header-display":"","ast-hfb-below-header-display":"","ast-hfb-mobile-header-display":"","site-post-title":"","ast-breadcrumbs-content":"","ast-featured-img":"disabled","footer-sml-layout":"","theme-transparent-header-meta":"disabled","adv-header-id-meta":"","stick-header-meta":"","header-above-stick-meta":"","header-main-stick-meta":"","header-below-stick-meta":"","astra-migrate-meta-layouts":"set","ast-page-background-enabled":"default","ast-page-background-meta":{"desktop":{"background-color":"var(--ast-global-color-4)","background-image":"","background-repeat":"repeat","background-position":"center center","background-size":"auto","background-attachment":"scroll","background-type":"","background-media":"","overlay-type":"","overlay-color":"","overlay-opacity":"","overlay-gradient":""},"tablet":{"background-color":"","background-image":"","background-repeat":"repeat","background-position":"center center","background-size":"auto","background-attachment":"scroll","background-type":"","background-media":"","overlay-type":"","overlay-color":"","overlay-opacity":"","overlay-gradient":""},"mobile":{"background-color":"","background-image":"","background-repeat":"repeat","background-position":"center center","background-size":"auto","background-attachment":"scroll","background-type":"","background-media":"","overlay-type":"","overlay-color":"","overlay-opacity":"","overlay-gradient":""}},"ast-content-background-meta":{"desktop":{"background-color":"var(--ast-global-color-5)","background-image":"","background-repeat":"repeat","background-position":"center center","background-size":"auto","background-attachment":"scroll","background-type":"","background-media":"","overlay-type":"","overlay-color":"","overlay-opacity":"","overlay-gradient":""},"tablet":{"background-color":"var(--ast-global-color-5)","background-image":"","background-repeat":"repeat","background-position":"center center","background-size":"auto","background-attachment":"scroll","background-type":"","background-media":"","overlay-type":"","overlay-color":"","overlay-opacity":"","overlay-gradient":""},"mobile":{"background-color":"var(--ast-global-color-5)","background-image":"","background-repeat":"repeat","background-position":"center center","background-size":"auto","background-attachment":"scroll","background-type":"","background-media":"","overlay-type":"","overlay-color":"","overlay-opacity":"","overlay-gradient":""}},"footnotes":""},"class_list":["post-5151","page","type-page","status-publish","has-post-thumbnail","hentry"],"acf":[],"yoast_head":"<!-- This site is optimized with the Yoast SEO plugin v24.7 - https:\/\/yoast.com\/wordpress\/plugins\/seo\/ -->\n<title>Negocio - J&amp;F<\/title>\n<meta name=\"robots\" content=\"index, follow, max-snippet:-1, max-image-preview:large, max-video-preview:-1\" \/>\n<link rel=\"canonical\" href=\"https:\/\/jfsa.com.br\/es\/negocio\/\" \/>\n<meta property=\"og:locale\" content=\"es_ES\" \/>\n<meta property=\"og:type\" content=\"article\" \/>\n<meta property=\"og:title\" content=\"Negocio - J&amp;F\" \/>\n<meta property=\"og:description\" content=\"Cartera diversificada de empresas Conozca nuestro negocio\" \/>\n<meta property=\"og:url\" content=\"https:\/\/jfsa.com.br\/es\/negocio\/\" \/>\n<meta property=\"og:site_name\" content=\"J&amp;F\" \/>\n<meta property=\"article:modified_time\" content=\"2026-04-10T13:29:06+00:00\" \/>\n<meta property=\"og:image\" content=\"https:\/\/jfsa.com.br\/wp-content\/uploads\/2024\/03\/eldorado-1024x768.jpg\" \/>\n\t<meta property=\"og:image:width\" content=\"1024\" \/>\n\t<meta property=\"og:image:height\" content=\"768\" \/>\n\t<meta property=\"og:image:type\" content=\"image\/jpeg\" \/>\n<meta name=\"twitter:card\" content=\"summary_large_image\" \/>\n<meta name=\"twitter:label1\" content=\"Tiempo de lectura\" \/>\n\t<meta name=\"twitter:data1\" content=\"1 minuto\" \/>\n<script type=\"application\/ld+json\" class=\"yoast-schema-graph\">{\"@context\":\"https:\/\/schema.org\",\"@graph\":[{\"@type\":\"WebPage\",\"@id\":\"https:\/\/jfsa.com.br\/es\/negocio\/\",\"url\":\"https:\/\/jfsa.com.br\/es\/negocio\/\",\"name\":\"Negocio - J&amp;F\",\"isPartOf\":{\"@id\":\"https:\/\/jfsa.com.br\/es\/#website\"},\"primaryImageOfPage\":{\"@id\":\"https:\/\/jfsa.com.br\/es\/negocio\/#primaryimage\"},\"image\":{\"@id\":\"https:\/\/jfsa.com.br\/es\/negocio\/#primaryimage\"},\"thumbnailUrl\":\"https:\/\/jfsa.com.br\/wp-content\/uploads\/2024\/03\/eldorado.jpg\",\"datePublished\":\"2022-02-21T15:44:08+00:00\",\"dateModified\":\"2026-04-10T13:29:06+00:00\",\"breadcrumb\":{\"@id\":\"https:\/\/jfsa.com.br\/es\/negocio\/#breadcrumb\"},\"inLanguage\":\"es\",\"potentialAction\":[{\"@type\":\"ReadAction\",\"target\":[\"https:\/\/jfsa.com.br\/es\/negocio\/\"]}]},{\"@type\":\"ImageObject\",\"inLanguage\":\"es\",\"@id\":\"https:\/\/jfsa.com.br\/es\/negocio\/#primaryimage\",\"url\":\"https:\/\/jfsa.com.br\/wp-content\/uploads\/2024\/03\/eldorado.jpg\",\"contentUrl\":\"https:\/\/jfsa.com.br\/wp-content\/uploads\/2024\/03\/eldorado.jpg\",\"width\":1441,\"height\":1080},{\"@type\":\"BreadcrumbList\",\"@id\":\"https:\/\/jfsa.com.br\/es\/negocio\/#breadcrumb\",\"itemListElement\":[{\"@type\":\"ListItem\",\"position\":1,\"name\":\"In\u00edcio\",\"item\":\"https:\/\/jfsa.com.br\/es\/\"},{\"@type\":\"ListItem\",\"position\":2,\"name\":\"Negocio\"}]},{\"@type\":\"WebSite\",\"@id\":\"https:\/\/jfsa.com.br\/es\/#website\",\"url\":\"https:\/\/jfsa.com.br\/es\/\",\"name\":\"J&amp;F\",\"description\":\"O maior grupo econ\u00f4mico privado do pa\u00eds\",\"publisher\":{\"@id\":\"https:\/\/jfsa.com.br\/es\/#organization\"},\"potentialAction\":[{\"@type\":\"SearchAction\",\"target\":{\"@type\":\"EntryPoint\",\"urlTemplate\":\"https:\/\/jfsa.com.br\/es\/?s={search_term_string}\"},\"query-input\":{\"@type\":\"PropertyValueSpecification\",\"valueRequired\":true,\"valueName\":\"search_term_string\"}}],\"inLanguage\":\"es\"},{\"@type\":\"Organization\",\"@id\":\"https:\/\/jfsa.com.br\/es\/#organization\",\"name\":\"J&amp;F\",\"url\":\"https:\/\/jfsa.com.br\/es\/\",\"logo\":{\"@type\":\"ImageObject\",\"inLanguage\":\"es\",\"@id\":\"https:\/\/jfsa.com.br\/es\/#\/schema\/logo\/image\/\",\"url\":\"https:\/\/jfsa.com.br\/wp-content\/uploads\/2020\/01\/logo.svg\",\"contentUrl\":\"https:\/\/jfsa.com.br\/wp-content\/uploads\/2020\/01\/logo.svg\",\"width\":59,\"height\":59,\"caption\":\"J&amp;F\"},\"image\":{\"@id\":\"https:\/\/jfsa.com.br\/es\/#\/schema\/logo\/image\/\"}}]}<\/script>\n<!-- \/ Yoast SEO plugin. -->","yoast_head_json":{"title":"Negocio - J&amp;F","robots":{"index":"index","follow":"follow","max-snippet":"max-snippet:-1","max-image-preview":"max-image-preview:large","max-video-preview":"max-video-preview:-1"},"canonical":"https:\/\/jfsa.com.br\/es\/negocio\/","og_locale":"es_ES","og_type":"article","og_title":"Negocio - J&amp;F","og_description":"Cartera diversificada de empresas Conozca nuestro negocio","og_url":"https:\/\/jfsa.com.br\/es\/negocio\/","og_site_name":"J&amp;F","article_modified_time":"2026-04-10T13:29:06+00:00","og_image":[{"width":1024,"height":768,"url":"https:\/\/jfsa.com.br\/wp-content\/uploads\/2024\/03\/eldorado-1024x768.jpg","type":"image\/jpeg"}],"twitter_card":"summary_large_image","twitter_misc":{"Tiempo de lectura":"1 minuto"},"schema":{"@context":"https:\/\/schema.org","@graph":[{"@type":"WebPage","@id":"https:\/\/jfsa.com.br\/es\/negocio\/","url":"https:\/\/jfsa.com.br\/es\/negocio\/","name":"Negocio - J&amp;F","isPartOf":{"@id":"https:\/\/jfsa.com.br\/es\/#website"},"primaryImageOfPage":{"@id":"https:\/\/jfsa.com.br\/es\/negocio\/#primaryimage"},"image":{"@id":"https:\/\/jfsa.com.br\/es\/negocio\/#primaryimage"},"thumbnailUrl":"https:\/\/jfsa.com.br\/wp-content\/uploads\/2024\/03\/eldorado.jpg","datePublished":"2022-02-21T15:44:08+00:00","dateModified":"2026-04-10T13:29:06+00:00","breadcrumb":{"@id":"https:\/\/jfsa.com.br\/es\/negocio\/#breadcrumb"},"inLanguage":"es","potentialAction":[{"@type":"ReadAction","target":["https:\/\/jfsa.com.br\/es\/negocio\/"]}]},{"@type":"ImageObject","inLanguage":"es","@id":"https:\/\/jfsa.com.br\/es\/negocio\/#primaryimage","url":"https:\/\/jfsa.com.br\/wp-content\/uploads\/2024\/03\/eldorado.jpg","contentUrl":"https:\/\/jfsa.com.br\/wp-content\/uploads\/2024\/03\/eldorado.jpg","width":1441,"height":1080},{"@type":"BreadcrumbList","@id":"https:\/\/jfsa.com.br\/es\/negocio\/#breadcrumb","itemListElement":[{"@type":"ListItem","position":1,"name":"In\u00edcio","item":"https:\/\/jfsa.com.br\/es\/"},{"@type":"ListItem","position":2,"name":"Negocio"}]},{"@type":"WebSite","@id":"https:\/\/jfsa.com.br\/es\/#website","url":"https:\/\/jfsa.com.br\/es\/","name":"J&amp;F","description":"O maior grupo econ\u00f4mico privado do pa\u00eds","publisher":{"@id":"https:\/\/jfsa.com.br\/es\/#organization"},"potentialAction":[{"@type":"SearchAction","target":{"@type":"EntryPoint","urlTemplate":"https:\/\/jfsa.com.br\/es\/?s={search_term_string}"},"query-input":{"@type":"PropertyValueSpecification","valueRequired":true,"valueName":"search_term_string"}}],"inLanguage":"es"},{"@type":"Organization","@id":"https:\/\/jfsa.com.br\/es\/#organization","name":"J&amp;F","url":"https:\/\/jfsa.com.br\/es\/","logo":{"@type":"ImageObject","inLanguage":"es","@id":"https:\/\/jfsa.com.br\/es\/#\/schema\/logo\/image\/","url":"https:\/\/jfsa.com.br\/wp-content\/uploads\/2020\/01\/logo.svg","contentUrl":"https:\/\/jfsa.com.br\/wp-content\/uploads\/2020\/01\/logo.svg","width":59,"height":59,"caption":"J&amp;F"},"image":{"@id":"https:\/\/jfsa.com.br\/es\/#\/schema\/logo\/image\/"}}]}},"uagb_featured_image_src":{"full":["https:\/\/jfsa.com.br\/wp-content\/uploads\/2024\/03\/eldorado.jpg",1441,1080,false],"thumbnail":["https:\/\/jfsa.com.br\/wp-content\/uploads\/2024\/03\/eldorado-300x300.jpg",300,300,true],"medium":["https:\/\/jfsa.com.br\/wp-content\/uploads\/2024\/03\/eldorado-640x480.jpg",640,480,true],"medium_large":["https:\/\/jfsa.com.br\/wp-content\/uploads\/2024\/03\/eldorado-768x576.jpg",768,576,true],"large":["https:\/\/jfsa.com.br\/wp-content\/uploads\/2024\/03\/eldorado-1024x768.jpg",1024,768,true],"1536x1536":["https:\/\/jfsa.com.br\/wp-content\/uploads\/2024\/03\/eldorado.jpg",1441,1080,false],"2048x2048":["https:\/\/jfsa.com.br\/wp-content\/uploads\/2024\/03\/eldorado.jpg",1441,1080,false]},"uagb_author_info":{"display_name":"AMDB Manuntecao","author_link":"https:\/\/jfsa.com.br\/es\/author\/amdb-manuntecao\/"},"uagb_comment_info":0,"uagb_excerpt":"Cartera diversificada de empresas Conozca nuestro negocio","_links":{"self":[{"href":"https:\/\/jfsa.com.br\/es\/wp-json\/wp\/v2\/pages\/5151","targetHints":{"allow":["GET"]}}],"collection":[{"href":"https:\/\/jfsa.com.br\/es\/wp-json\/wp\/v2\/pages"}],"about":[{"href":"https:\/\/jfsa.com.br\/es\/wp-json\/wp\/v2\/types\/page"}],"author":[{"embeddable":true,"href":"https:\/\/jfsa.com.br\/es\/wp-json\/wp\/v2\/users\/24"}],"replies":[{"embeddable":true,"href":"https:\/\/jfsa.com.br\/es\/wp-json\/wp\/v2\/comments?post=5151"}],"version-history":[{"count":10,"href":"https:\/\/jfsa.com.br\/es\/wp-json\/wp\/v2\/pages\/5151\/revisions"}],"predecessor-version":[{"id":7800,"href":"https:\/\/jfsa.com.br\/es\/wp-json\/wp\/v2\/pages\/5151\/revisions\/7800"}],"wp:featuredmedia":[{"embeddable":true,"href":"https:\/\/jfsa.com.br\/es\/wp-json\/wp\/v2\/media\/5152"}],"wp:attachment":[{"href":"https:\/\/jfsa.com.br\/es\/wp-json\/wp\/v2\/media?parent=5151"}],"curies":[{"name":"wp","href":"https:\/\/api.w.org\/{rel}","templated":true}]}}