{"id":7497,"date":"2025-09-25T16:22:13","date_gmt":"2025-09-25T19:22:13","guid":{"rendered":"https:\/\/jfinvest.com.br\/compromisso-empresarial\/"},"modified":"2026-01-22T10:03:11","modified_gmt":"2026-01-22T13:03:11","slug":"compromiso-empresarial","status":"publish","type":"page","link":"https:\/\/jfsa.com.br\/es\/compromiso-empresarial\/","title":{"rendered":"COMPROMISO EMPRESARIAL"},"content":{"rendered":"\n<div class=\"wp-block-uagb-container uagb-block-4b3f96a5 alignfull uagb-is-root-container\"><div class=\"uagb-container-inner-blocks-wrap\">\n<h1 class=\"wp-block-heading has-text-align-center\" style=\"padding-top:var(--wp--preset--spacing--40);padding-bottom:var(--wp--preset--spacing--40);font-size:27px\"><strong>T\u00c9RMINO DE COMPROMISO EMPRESARIAL (\u201cCOMPROMISO\u201d)<\/strong><\/h1>\n\n\n\n<p style=\"margin-top:0;margin-right:0;margin-bottom:0;margin-left:0;line-height:1.7\">Durante la vigencia del instrumento firmado con el Grupo J&amp;F (<strong>\u201cPARTE CONTRATANTE\u201d<\/strong>), la empresa, en su propio nombre y en nombre de sus socios, representantes, directivos, agentes, empleados y terceros (<strong>\u201cPARTE CONTRATADA\u201d<\/strong>), acepta y garantiza que, durante la ejecuci\u00f3n de cualquier actividad relacionada con el objeto de la negociaci\u00f3n:<\/p>\n\n\n\n<ol style=\"list-style-type:lower-alpha\" class=\"wp-block-list\">\n<li style=\"border-style:none;border-width:0px;margin-top:0;margin-bottom:0;padding-top:var(--wp--preset--spacing--20);padding-right:var(--wp--preset--spacing--40);padding-bottom:var(--wp--preset--spacing--20);padding-left:var(--wp--preset--spacing--40)\">No tomar\u00e1 ninguna acci\u00f3n, realizar\u00e1 ning\u00fan pago, ni har\u00e1 ninguna oferta o promesa, directa o indirectamente, a ning\u00fan funcionario p\u00fablico (ya sea municipal, estatal o federal) con el prop\u00f3sito de inducir a dicho funcionario a utilizar su influencia para obtener ventajas comerciales indebidas;<\/li>\n\n\n\n<li style=\"padding-top:var(--wp--preset--spacing--20);padding-right:var(--wp--preset--spacing--40);padding-bottom:var(--wp--preset--spacing--20);padding-left:var(--wp--preset--spacing--40)\">Reportar\u00e1 imediatamente, preferencialmente pelo link <a href=\"https:\/\/www.canaldeetica.com.br\/grupojf\" target=\"_blank\" rel=\"noreferrer noopener\">https:\/\/www.canaldeetica.com.br\/grupojf<\/a>, qualquer informa\u00e7\u00e3o que possa indicar que houve qualquer tipo de a\u00e7\u00e3o, pagamento, oferta, promessa, direta ou indiretamente a qualquer funcion\u00e1rio p\u00fablico com a finalidade de obter vantagens de neg\u00f3cios impr\u00f3prias. Asimismo, se deber\u00e1 desarrollar y ejecutar un plan de acci\u00f3n para: (i) remover de forma inmediata al empleado o representante involucrado; (ii) prevenir la reincidencia de tales actos; (iii) asegurar la adopci\u00f3n de medidas suficientes para que el instrumento celebrado permanezca v\u00e1lido y preserve la reputaci\u00f3n de las partes;<\/li>\n\n\n\n<li style=\"padding-top:var(--wp--preset--spacing--20);padding-right:var(--wp--preset--spacing--40);padding-bottom:var(--wp--preset--spacing--20);padding-left:var(--wp--preset--spacing--40)\">No utilizar\u00e1 bienes, derechos o valores derivados, directa o indirectamente, de actividades il\u00edcitas, ni ocultar\u00e1 o disimular\u00e1 su naturaleza, origen, localizaci\u00f3n,<br>disposici\u00f3n, movimiento o propiedad, y cumplir\u00e1 con la Ley N\u00ba 9.613\/98 y dem\u00e1s normativas relacionadas con el lavado de dinero;<\/li>\n\n\n\n<li style=\"padding-top:var(--wp--preset--spacing--20);padding-right:var(--wp--preset--spacing--40);padding-bottom:var(--wp--preset--spacing--20);padding-left:var(--wp--preset--spacing--40)\">Cuando corresponda, cumplir\u00e1 con las leyes, normativas, embargos, controles de exportaci\u00f3n y medidas restrictivas relacionadas con sanciones econ\u00f3micas<br>administradas, emitidas y\/o ejecutadas por instituciones y organismos gubernamentales de los Estados Unidos de Am\u00e9rica, la Uni\u00f3n Europea, el Reino Unido<br>y el Consejo de Seguridad de las Naciones Unidas, absteni\u00e9ndose de participar en y\/o descontinuando de inmediato cualquier acci\u00f3n que infrinja dichas sanciones;<\/li>\n\n\n\n<li style=\"padding-top:var(--wp--preset--spacing--20);padding-right:var(--wp--preset--spacing--40);padding-bottom:var(--wp--preset--spacing--20);padding-left:var(--wp--preset--spacing--40)\">Completar\u00e1 debidamente cualquier formulario de diligencia, proporcionando toda la informaci\u00f3n solicitada de manera veraz y de buena fe.<\/li>\n<\/ol>\n\n\n\n<p style=\"margin-top:0;margin-right:0;margin-bottom:0;margin-left:0;line-height:1.7\">La <strong>PARTE CONTRATADA<\/strong>, as\u00ed como sus socios, directores, agentes, apoderados, administradores, empleados, consultores o representantes, no han sido condenados,<br>declarados culpables ni procesados por ning\u00fan il\u00edcito relacionado con fraude, corrupci\u00f3n o conducta moral\/\u00e9tica inapropiada. Asimismo, declara que ninguna de estas personas figura en listas de exclusi\u00f3n, suspensi\u00f3n o inhabilitaci\u00f3n mantenidas por organismos gubernamentales, ni ha sido mencionada en actos p\u00fablicos o reportes de prensa que los vinculen con la promoci\u00f3n o facilitaci\u00f3n de negocios il\u00edcitos o sospechosos, o con actos que puedan causar perjuicio comercial y\/o reputacional a la <strong>PARTE CONTRATANTE<\/strong>.<\/p>\n\n\n\n<p style=\"margin-top:var(--wp--preset--spacing--20);margin-right:0;margin-bottom:var(--wp--preset--spacing--20);margin-left:0;line-height:1.7\">La <strong>PARTE CONTRATADA<\/strong> reconoce que la <strong>PARTE CONTRATANTE<\/strong> est\u00e1 autorizada, en caso de pr\u00e1cticas que violen la pol\u00edtica de integridad o las disposiciones de este <strong>COMPROMISO<\/strong>, a solicitar la inmediata iniciaci\u00f3n de los procedimientos penales, civiles y administrativos aplicables en cada caso, sin necesidad de notificaci\u00f3n previa, advertencia, solicitud y\/o autorizaci\u00f3n de la <strong>PARTE CONTRATADA<\/strong>.<\/p>\n\n\n\n<p style=\"margin-top:var(--wp--preset--spacing--20);margin-right:0;margin-bottom:var(--wp--preset--spacing--20);margin-left:0;line-height:1.7\">Mediante previa notificaci\u00f3n, la <strong>PARTE CONTRATADA<\/strong> otorga el derecho a auditar los registros e informaciones relacionadas con el instrumento celebrado, con el fin de verificar el cumplimiento de lo presente <strong>COMPROMISO<\/strong>, siempre que exista una alegaci\u00f3n razonable,<\/p>\n\n\n\n<p style=\"margin-top:var(--wp--preset--spacing--20);margin-right:0;margin-bottom:var(--wp--preset--spacing--20);margin-left:0;line-height:1.7\">La <strong>PARTE CONTRATADA<\/strong> no deber\u00e1 mantener ni iniciar relaciones contractuales con proveedores, subproveedores, contratistas y\/o subcontratistas que no cumplan y hagan cumplir los requisitos establecidos en el instrumento celebrado y\/o en este <strong>COMPROMISO<\/strong>, as\u00ed como, entre otros, las leyes relativas a la improbidad administrativa, lavado de dinero, anticorrupci\u00f3n, trabajo forzado o an\u00e1logo a la esclavitud, trabajo infantil y derechos humanos.<\/p>\n\n\n\n<p style=\"margin-top:var(--wp--preset--spacing--20);margin-right:0;margin-bottom:var(--wp--preset--spacing--20);margin-left:0;line-height:1.7\">La <strong>PARTE CONTRATANTE<\/strong>, a su exclusivo criterio e independientemente de la frecuencia establecida en este <strong>COMPROMISO<\/strong>, podr\u00e1 solicitar a la <strong>PARTE CONTRATAD<\/strong>A que ratifique de inmediato las condiciones descritas en este <strong>COMPROMISO<\/strong> y\/o cualquier nueva directriz y normativa legal aplicable a la relaci\u00f3n contractual celebrada entre las Partes.<\/p>\n<\/div><\/div>\n\n\n\n<p><\/p>\n","protected":false},"excerpt":{"rendered":"<p>T\u00c9RMINO DE COMPROMISO EMPRESARIAL (\u201cCOMPROMISO\u201d) Durante la vigencia del instrumento firmado con el Grupo J&amp;F (\u201cPARTE CONTRATANTE\u201d), la empresa, en su propio nombre y en nombre de sus socios, representantes, directivos, agentes, empleados y terceros (\u201cPARTE CONTRATADA\u201d), acepta y garantiza que, durante la ejecuci\u00f3n de cualquier actividad relacionada con el objeto de la negociaci\u00f3n: La [&hellip;]<\/p>\n","protected":false},"author":32,"featured_media":0,"parent":0,"menu_order":0,"comment_status":"closed","ping_status":"closed","template":"","meta":{"_acf_changed":false,"_uag_custom_page_level_css":"","site-sidebar-layout":"default","site-content-layout":"","ast-site-content-layout":"default","site-content-style":"default","site-sidebar-style":"default","ast-global-header-display":"","ast-banner-title-visibility":"","ast-main-header-display":"","ast-hfb-above-header-display":"","ast-hfb-below-header-display":"","ast-hfb-mobile-header-display":"","site-post-title":"","ast-breadcrumbs-content":"","ast-featured-img":"","footer-sml-layout":"","theme-transparent-header-meta":"","adv-header-id-meta":"","stick-header-meta":"","header-above-stick-meta":"","header-main-stick-meta":"","header-below-stick-meta":"","astra-migrate-meta-layouts":"set","ast-page-background-enabled":"default","ast-page-background-meta":{"desktop":{"background-color":"var(--ast-global-color-4)","background-image":"","background-repeat":"repeat","background-position":"center center","background-size":"auto","background-attachment":"scroll","background-type":"","background-media":"","overlay-type":"","overlay-color":"","overlay-opacity":"","overlay-gradient":""},"tablet":{"background-color":"","background-image":"","background-repeat":"repeat","background-position":"center center","background-size":"auto","background-attachment":"scroll","background-type":"","background-media":"","overlay-type":"","overlay-color":"","overlay-opacity":"","overlay-gradient":""},"mobile":{"background-color":"","background-image":"","background-repeat":"repeat","background-position":"center center","background-size":"auto","background-attachment":"scroll","background-type":"","background-media":"","overlay-type":"","overlay-color":"","overlay-opacity":"","overlay-gradient":""}},"ast-content-background-meta":{"desktop":{"background-color":"var(--ast-global-color-5)","background-image":"","background-repeat":"repeat","background-position":"center center","background-size":"auto","background-attachment":"scroll","background-type":"","background-media":"","overlay-type":"","overlay-color":"","overlay-opacity":"","overlay-gradient":""},"tablet":{"background-color":"var(--ast-global-color-5)","background-image":"","background-repeat":"repeat","background-position":"center center","background-size":"auto","background-attachment":"scroll","background-type":"","background-media":"","overlay-type":"","overlay-color":"","overlay-opacity":"","overlay-gradient":""},"mobile":{"background-color":"var(--ast-global-color-5)","background-image":"","background-repeat":"repeat","background-position":"center center","background-size":"auto","background-attachment":"scroll","background-type":"","background-media":"","overlay-type":"","overlay-color":"","overlay-opacity":"","overlay-gradient":""}},"footnotes":""},"class_list":["post-7497","page","type-page","status-publish","hentry"],"acf":[],"yoast_head":"<!-- This site is optimized with the Yoast SEO plugin v24.7 - https:\/\/yoast.com\/wordpress\/plugins\/seo\/ -->\n<title>COMPROMISO EMPRESARIAL - J&amp;F<\/title>\n<meta name=\"robots\" content=\"noindex, nofollow\" \/>\n<meta property=\"og:locale\" content=\"es_ES\" \/>\n<meta property=\"og:type\" content=\"article\" \/>\n<meta property=\"og:title\" content=\"COMPROMISO EMPRESARIAL - J&amp;F\" \/>\n<meta property=\"og:description\" content=\"T\u00c9RMINO DE COMPROMISO EMPRESARIAL (\u201cCOMPROMISO\u201d) Durante la vigencia del instrumento firmado con el Grupo J&amp;F (\u201cPARTE CONTRATANTE\u201d), la empresa, en su propio nombre y en nombre de sus socios, representantes, directivos, agentes, empleados y terceros (\u201cPARTE CONTRATADA\u201d), acepta y garantiza que, durante la ejecuci\u00f3n de cualquier actividad relacionada con el objeto de la negociaci\u00f3n: La [&hellip;]\" \/>\n<meta property=\"og:url\" content=\"https:\/\/jfsa.com.br\/es\/compromiso-empresarial\/\" \/>\n<meta property=\"og:site_name\" content=\"J&amp;F\" \/>\n<meta property=\"article:modified_time\" content=\"2026-01-22T13:03:11+00:00\" \/>\n<meta name=\"twitter:card\" content=\"summary_large_image\" \/>\n<meta name=\"twitter:label1\" content=\"Tiempo de lectura\" \/>\n\t<meta name=\"twitter:data1\" content=\"4 minutos\" \/>\n<script type=\"application\/ld+json\" class=\"yoast-schema-graph\">{\"@context\":\"https:\/\/schema.org\",\"@graph\":[{\"@type\":\"WebPage\",\"@id\":\"https:\/\/jfsa.com.br\/es\/compromiso-empresarial\/\",\"url\":\"https:\/\/jfsa.com.br\/es\/compromiso-empresarial\/\",\"name\":\"COMPROMISO EMPRESARIAL - J&amp;F\",\"isPartOf\":{\"@id\":\"https:\/\/jfsa.com.br\/es\/#website\"},\"datePublished\":\"2025-09-25T19:22:13+00:00\",\"dateModified\":\"2026-01-22T13:03:11+00:00\",\"breadcrumb\":{\"@id\":\"https:\/\/jfsa.com.br\/es\/compromiso-empresarial\/#breadcrumb\"},\"inLanguage\":\"es\",\"potentialAction\":[{\"@type\":\"ReadAction\",\"target\":[\"https:\/\/jfsa.com.br\/es\/compromiso-empresarial\/\"]}]},{\"@type\":\"BreadcrumbList\",\"@id\":\"https:\/\/jfsa.com.br\/es\/compromiso-empresarial\/#breadcrumb\",\"itemListElement\":[{\"@type\":\"ListItem\",\"position\":1,\"name\":\"In\u00edcio\",\"item\":\"https:\/\/jfsa.com.br\/es\/\"},{\"@type\":\"ListItem\",\"position\":2,\"name\":\"COMPROMISO EMPRESARIAL\"}]},{\"@type\":\"WebSite\",\"@id\":\"https:\/\/jfsa.com.br\/es\/#website\",\"url\":\"https:\/\/jfsa.com.br\/es\/\",\"name\":\"J&amp;F\",\"description\":\"O maior grupo econ\u00f4mico privado do pa\u00eds\",\"publisher\":{\"@id\":\"https:\/\/jfsa.com.br\/es\/#organization\"},\"potentialAction\":[{\"@type\":\"SearchAction\",\"target\":{\"@type\":\"EntryPoint\",\"urlTemplate\":\"https:\/\/jfsa.com.br\/es\/?s={search_term_string}\"},\"query-input\":{\"@type\":\"PropertyValueSpecification\",\"valueRequired\":true,\"valueName\":\"search_term_string\"}}],\"inLanguage\":\"es\"},{\"@type\":\"Organization\",\"@id\":\"https:\/\/jfsa.com.br\/es\/#organization\",\"name\":\"J&amp;F\",\"url\":\"https:\/\/jfsa.com.br\/es\/\",\"logo\":{\"@type\":\"ImageObject\",\"inLanguage\":\"es\",\"@id\":\"https:\/\/jfsa.com.br\/es\/#\/schema\/logo\/image\/\",\"url\":\"https:\/\/jfsa.com.br\/wp-content\/uploads\/2020\/01\/logo.svg\",\"contentUrl\":\"https:\/\/jfsa.com.br\/wp-content\/uploads\/2020\/01\/logo.svg\",\"width\":59,\"height\":59,\"caption\":\"J&amp;F\"},\"image\":{\"@id\":\"https:\/\/jfsa.com.br\/es\/#\/schema\/logo\/image\/\"}}]}<\/script>\n<!-- \/ Yoast SEO plugin. -->","yoast_head_json":{"title":"COMPROMISO EMPRESARIAL - J&amp;F","robots":{"index":"noindex","follow":"nofollow"},"og_locale":"es_ES","og_type":"article","og_title":"COMPROMISO EMPRESARIAL - J&amp;F","og_description":"T\u00c9RMINO DE COMPROMISO EMPRESARIAL (\u201cCOMPROMISO\u201d) Durante la vigencia del instrumento firmado con el Grupo J&amp;F (\u201cPARTE CONTRATANTE\u201d), la empresa, en su propio nombre y en nombre de sus socios, representantes, directivos, agentes, empleados y terceros (\u201cPARTE CONTRATADA\u201d), acepta y garantiza que, durante la ejecuci\u00f3n de cualquier actividad relacionada con el objeto de la negociaci\u00f3n: La [&hellip;]","og_url":"https:\/\/jfsa.com.br\/es\/compromiso-empresarial\/","og_site_name":"J&amp;F","article_modified_time":"2026-01-22T13:03:11+00:00","twitter_card":"summary_large_image","twitter_misc":{"Tiempo de lectura":"4 minutos"},"schema":{"@context":"https:\/\/schema.org","@graph":[{"@type":"WebPage","@id":"https:\/\/jfsa.com.br\/es\/compromiso-empresarial\/","url":"https:\/\/jfsa.com.br\/es\/compromiso-empresarial\/","name":"COMPROMISO EMPRESARIAL - J&amp;F","isPartOf":{"@id":"https:\/\/jfsa.com.br\/es\/#website"},"datePublished":"2025-09-25T19:22:13+00:00","dateModified":"2026-01-22T13:03:11+00:00","breadcrumb":{"@id":"https:\/\/jfsa.com.br\/es\/compromiso-empresarial\/#breadcrumb"},"inLanguage":"es","potentialAction":[{"@type":"ReadAction","target":["https:\/\/jfsa.com.br\/es\/compromiso-empresarial\/"]}]},{"@type":"BreadcrumbList","@id":"https:\/\/jfsa.com.br\/es\/compromiso-empresarial\/#breadcrumb","itemListElement":[{"@type":"ListItem","position":1,"name":"In\u00edcio","item":"https:\/\/jfsa.com.br\/es\/"},{"@type":"ListItem","position":2,"name":"COMPROMISO EMPRESARIAL"}]},{"@type":"WebSite","@id":"https:\/\/jfsa.com.br\/es\/#website","url":"https:\/\/jfsa.com.br\/es\/","name":"J&amp;F","description":"O maior grupo econ\u00f4mico privado do pa\u00eds","publisher":{"@id":"https:\/\/jfsa.com.br\/es\/#organization"},"potentialAction":[{"@type":"SearchAction","target":{"@type":"EntryPoint","urlTemplate":"https:\/\/jfsa.com.br\/es\/?s={search_term_string}"},"query-input":{"@type":"PropertyValueSpecification","valueRequired":true,"valueName":"search_term_string"}}],"inLanguage":"es"},{"@type":"Organization","@id":"https:\/\/jfsa.com.br\/es\/#organization","name":"J&amp;F","url":"https:\/\/jfsa.com.br\/es\/","logo":{"@type":"ImageObject","inLanguage":"es","@id":"https:\/\/jfsa.com.br\/es\/#\/schema\/logo\/image\/","url":"https:\/\/jfsa.com.br\/wp-content\/uploads\/2020\/01\/logo.svg","contentUrl":"https:\/\/jfsa.com.br\/wp-content\/uploads\/2020\/01\/logo.svg","width":59,"height":59,"caption":"J&amp;F"},"image":{"@id":"https:\/\/jfsa.com.br\/es\/#\/schema\/logo\/image\/"}}]}},"uagb_featured_image_src":{"full":false,"thumbnail":false,"medium":false,"medium_large":false,"large":false,"1536x1536":false,"2048x2048":false},"uagb_author_info":{"display_name":"Daniel-AMDB","author_link":"https:\/\/jfsa.com.br\/es\/author\/daniel-amdb\/"},"uagb_comment_info":0,"uagb_excerpt":"T\u00c9RMINO DE COMPROMISO EMPRESARIAL (\u201cCOMPROMISO\u201d) Durante la vigencia del instrumento firmado con el Grupo J&amp;F (\u201cPARTE CONTRATANTE\u201d), la empresa, en su propio nombre y en nombre de sus socios, representantes, directivos, agentes, empleados y terceros (\u201cPARTE CONTRATADA\u201d), acepta y garantiza que, durante la ejecuci\u00f3n de cualquier actividad relacionada con el objeto de la negociaci\u00f3n: La&hellip;","_links":{"self":[{"href":"https:\/\/jfsa.com.br\/es\/wp-json\/wp\/v2\/pages\/7497","targetHints":{"allow":["GET"]}}],"collection":[{"href":"https:\/\/jfsa.com.br\/es\/wp-json\/wp\/v2\/pages"}],"about":[{"href":"https:\/\/jfsa.com.br\/es\/wp-json\/wp\/v2\/types\/page"}],"author":[{"embeddable":true,"href":"https:\/\/jfsa.com.br\/es\/wp-json\/wp\/v2\/users\/32"}],"replies":[{"embeddable":true,"href":"https:\/\/jfsa.com.br\/es\/wp-json\/wp\/v2\/comments?post=7497"}],"version-history":[{"count":6,"href":"https:\/\/jfsa.com.br\/es\/wp-json\/wp\/v2\/pages\/7497\/revisions"}],"predecessor-version":[{"id":7514,"href":"https:\/\/jfsa.com.br\/es\/wp-json\/wp\/v2\/pages\/7497\/revisions\/7514"}],"wp:attachment":[{"href":"https:\/\/jfsa.com.br\/es\/wp-json\/wp\/v2\/media?parent=7497"}],"curies":[{"name":"wp","href":"https:\/\/api.w.org\/{rel}","templated":true}]}}